{"id":5449,"date":"2018-05-25T15:30:43","date_gmt":"2018-05-25T13:30:43","guid":{"rendered":"http:\/\/wasserspender24.berlin\/?page_id=5449"},"modified":"2018-05-25T15:30:43","modified_gmt":"2018-05-25T13:30:43","slug":"datenschutz","status":"publish","type":"page","link":"https:\/\/wasserspender24.berlin\/gartenparty\/datenschutz\/","title":{"rendered":"DSGVO"},"content":{"rendered":"<p><strong>Datenschutzinformationen nach DSGVO<\/strong><\/p>\n<p><strong>Welche Daten werden verarbeitet?<\/strong><\/p>\n<p>Zur Durchf\u00fchrung unserer Kundenauftr\u00e4ge verwenden wir die folgenden Kategorien personenbezogener<\/p>\n<p><strong>Daten von Ihnen:<\/strong><\/p>\n<p>Ihre Kontaktdaten, Name der Firma, Adresse, Daten zur Abrechnung von Auftr\u00e4gen mit Bankverbindung, Zahlwege, Vertragsdaten, Auftragsdaten; ggf. Daten zu Kreditw\u00fcrdigkeit und Zahlungsf\u00e4higkeit. Wir verwenden diese Daten zur Durchf\u00fchrung und Abrechnung der von den Kunden erteilten Auftr\u00e4ge sowie zur Bereitstellung von Informationen und Werbung zu den angebotenen Produkten und Dienstleistungen.<\/p>\n<p><strong>Was ist die rechtliche Grundlage der Verarbeitung?<\/strong><\/p>\n<p>Die rechtliche Grundlage hierf\u00fcr ist der Art. 6 Abs. 1 lit. b DS-GVO zur Bearbeitung der Auftr\u00e4ge und Art. 6 Abs. 1 lit. f DS-GVO zur Bereitstellung von Informationen f\u00fcr Kunden. Wird ein Newsletter\/Werbung per E-Mail, Telefon, Brief oder Fax bereitgestellt, geschieht das auf Grundlage einer erteilten Einwilligung gem. Art. 6 Abs. 1 lit. a DS-GVO iVm. Art. 7 UWG. Im Rahmen einer Interessenabw\u00e4gung besteht seitens des Unternehmens das berechtigte Interesse seine angebotenen Produkte und Dienstleistungen an die bestehenden Kunden oder an Interessenten, die sich aktiv (per Anfrage) f\u00fcr die angebotenen Produkte interessiert haben, zu kommunizieren.<\/p>\n<p><strong>Wer ist m\u00f6glicher Empf\u00e4nger Ihrer Daten?<\/strong><\/p>\n<p>Die Daten werden im Rahmen der Auftragsabwicklung\u00a0im eigenen Unternehmen nicht an dritte Unternehmen,\u00a0 im Interesse der Kunden bereitgestellt. Dar\u00fcber hinaus werden die Daten in einem internen Rechenzentrum zum Zwecke der Auftragsbearbeitung und f\u00fcr eigene Marketingma\u00dfnahmen im Rahmen einer Auftragsverarbeitung gem. Art. 28 DS-GVO gehostet.<\/p>\n<p><strong>An wen k\u00f6nnen Sie sich wenden?<\/strong><\/p>\n<p>Als Datenschutzbeauftragter wurde Herr Timo Blazyczek benannt (Gesch\u00e4ftsf\u00fchrer der Hi life GmbH, Am Schlangengraben 9d, 13597 Berlin<br \/>\nTelefon: 030 30 36 42 21<br \/>\nE-Mail: \u00a0info(at)wasserspender24.berlin<\/p>\n<p><strong>Wie lange werden die Daten aufbewahrt?<\/strong><\/p>\n<p>Ihre Daten werden zur Erf\u00fcllung des Zwecks und gem\u00e4\u00df den gesetzlichen Verpflichtungen zur Dokumentation von Auftr\u00e4gen bzw. Jahresabschl\u00fcssen aufbewahrt. Mit Wegfall der Aufbewahrungsverpflichtung werden sie gel\u00f6scht.<\/p>\n<p><strong>Was sind Ihre Rechte?<\/strong><\/p>\n<p>Wir informieren Sie dar\u00fcber, dass Sie gem\u00e4\u00df Artikel 15 ff. DS-GVO uns gegen\u00fcber unter den dort definierten Voraussetzungen das Recht auf Auskunft \u00fcber die betreffenden personenbezogenen Daten sowie auf Berichtigung oder L\u00f6schung oder auf Einschr\u00e4nkung der Verarbeitung, ein Widerspruchsrecht gegen die Verarbeitung sowie das Recht auf Daten\u00fcbertragbarkeit haben. Auch haben Sie gem\u00e4\u00df Artikel 77 DS-GVO das Recht der Beschwerde bei einer Datenschutz-Aufsichtsbeh\u00f6rde, wenn Sie der Ansicht sind, dass die Verarbeitung der Sie betreffenden personenbezogenen Daten gegen diese Verordnung verst\u00f6\u00dft. Wenn die Verarbeitung auf einer Einwilligung Ihrerseits beruht (vgl. Art. 6 Abs. 1 lit. a, Art. 9\u00a0 Abs. 2 lit. a DS-GVO), haben Sie ferner das Recht, die Einwilligung jederzeit zu widerrufen, ohne dass die Rechtm\u00e4\u00dfigkeit der aufgrund der Einwilligung bis zum Widerruf erfolgten Verarbeitung ber\u00fchrt wird.<\/p>\n<p>Bitte leiten Sie diese Information auch an weitere Ansprechpartner in Ihrem Hause weiter. Ihre Unterlagen sind f\u00fcr die Auftragsbearbeitung erforderlich. Werden Daten Ihrerseits nicht bereitgestellt, kann es zu Verz\u00f6gerungen und Problemen bei der sach- und fristgerechten Leistungsbereitstellung kommen.<\/p>\n<p>Wir hoffen, Ihnen damit umfassende Informationen bez\u00fcglich der Verwendung Ihrer personenbezogener Daten bereitgestellt zu haben. Wenn Sie weitergehende Fragen hierzu haben, wenden Sie sich bitte an die \u00a0genannte Kontaktstelle.<\/p>\n<p>Stand: 12.01.2022<\/p>\n","protected":false},"excerpt":{"rendered":"<p>Datenschutzinformationen nach DSGVO Welche Daten werden verarbeitet? Zur Durchf\u00fchrung unserer Kundenauftr\u00e4ge verwenden wir die folgenden Kategorien personenbezogener Daten von Ihnen: Ihre Kontaktdaten, Name der Firma, Adresse, Daten zur Abrechnung von Auftr\u00e4gen mit Bankverbindung, Zahlwege, Vertragsdaten, Auftragsdaten; ggf. Daten zu Kreditw\u00fcrdigkeit und Zahlungsf\u00e4higkeit. Wir verwenden diese Daten zur Durchf\u00fchrung und Abrechnung der von den Kunden erteilten [&hellip;]<\/p>\n","protected":false},"author":1,"featured_media":0,"parent":0,"menu_order":0,"comment_status":"closed","ping_status":"closed","template":"","meta":{"footnotes":""},"class_list":["post-5449","page","type-page","status-publish","hentry"],"_links":{"self":[{"href":"https:\/\/wasserspender24.berlin\/gartenparty\/wp-json\/wp\/v2\/pages\/5449","targetHints":{"allow":["GET"]}}],"collection":[{"href":"https:\/\/wasserspender24.berlin\/gartenparty\/wp-json\/wp\/v2\/pages"}],"about":[{"href":"https:\/\/wasserspender24.berlin\/gartenparty\/wp-json\/wp\/v2\/types\/page"}],"author":[{"embeddable":true,"href":"https:\/\/wasserspender24.berlin\/gartenparty\/wp-json\/wp\/v2\/users\/1"}],"replies":[{"embeddable":true,"href":"https:\/\/wasserspender24.berlin\/gartenparty\/wp-json\/wp\/v2\/comments?post=5449"}],"version-history":[{"count":0,"href":"https:\/\/wasserspender24.berlin\/gartenparty\/wp-json\/wp\/v2\/pages\/5449\/revisions"}],"wp:attachment":[{"href":"https:\/\/wasserspender24.berlin\/gartenparty\/wp-json\/wp\/v2\/media?parent=5449"}],"curies":[{"name":"wp","href":"https:\/\/api.w.org\/{rel}","templated":true}]}}