{"id":405,"date":"2016-05-15T06:39:54","date_gmt":"2016-05-15T06:39:54","guid":{"rendered":"http:\/\/noisa.rascalsthemes.com\/light\/?page_id=405"},"modified":"2024-04-24T13:50:19","modified_gmt":"2024-04-24T11:50:19","slug":"berlin","status":"publish","type":"page","link":"https:\/\/wasserspender24.berlin\/gartenparty\/","title":{"rendered":"Startseite"},"content":{"rendered":"<div class=\"wpb-content-wrapper\"><p>[vc_row full_width=&#8220;stretch_row&#8220; css=&#8220;.vc_custom_1643192311367{margin-bottom: 0px !important;padding-top: 80px !important;padding-bottom: 120px !important;background-color: #ffffff !important;background-position: 0 0 !important;background-repeat: no-repeat !important;}&#8220;][vc_column][vc_custom_heading text=&#8220;<strong>VERLEIH<\/strong>&#8220; font_container=&#8220;tag:h2|font_size:50px|text_align:center&#8220; use_theme_fonts=&#8220;yes&#8220; css=&#8220;.vc_custom_1643190432587{margin-bottom: 5px !important;}&#8220;][vc_custom_heading text=&#8220;mobile Zapfanlagen \/\/ Bierzeltgarnituren \/\/ Partyzelte&#8220; font_container=&#8220;tag:h4|font_size:26px|text_align:center&#8220; use_theme_fonts=&#8220;yes&#8220; font_caps=&#8220;&#8220; css=&#8220;.vc_custom_1709916339418{margin-bottom: 60px !important;}&#8220; el_class=&#8220;section-subheading&#8220; el_id=&#8220;produkte&#8220;][vc_single_image image=&#8220;939&#8243; img_size=&#8220;full&#8220; alignment=&#8220;center&#8220;][\/vc_column][\/vc_row][vc_row][vc_column width=&#8220;1\/6&#8243;][\/vc_column][vc_column width=&#8220;2\/3&#8243;][vc_column_text]<\/p>\n<h5 style=\"font-weight: 400; text-align: center;\">Sie m\u00f6chten, dass Ihre Gartenparty der Hit wird, dann mieten Sie eine Bierzapfanlage mit Doppfelzapfhahn.<br \/>\nBei Bedarf k\u00f6nnen Sie bei uns auch Partyzelte, Bierb\u00e4nke und -tische dazu buchen.<br \/>\nUnd auf Wunsch \u00fcbernehmen wir f\u00fcr Sie den Transport und die Aufstellung,<br \/>\ndann liefern wir Ihnen Ihr gebuchtes Equipment an Ort und Stelle.<\/h5>\n<h2 style=\"font-weight: 400; text-align: center;\"><strong>Slogan: \u201eNix muss aber alles geht\u201c<\/strong><\/h2>\n<p>[\/vc_column_text][vc_btn title=&#8220;JETZT ANFRAGEN&#8220; color=&#8220;warning&#8220; size=&#8220;lg&#8220; align=&#8220;center&#8220; link=&#8220;url:https%3A%2F%2Fwasserspender24.berlin%2Fgartenparty%2Fanfrage%2F|title:ANFRAGE&#8220;][vc_empty_space height=&#8220;52px&#8220;][\/vc_column][vc_column width=&#8220;1\/6&#8243;][\/vc_column][\/vc_row][vc_row full_width=&#8220;stretch_row_content_no_spaces&#8220; equal_height=&#8220;yes&#8220; css=&#8220;.vc_custom_1463153100816{margin-top: 0px !important;margin-bottom: 0px !important;}&#8220;][vc_column width=&#8220;1\/2&#8243; css=&#8220;.vc_custom_1463147741515{padding-top: 250px !important;padding-right: 20% !important;padding-bottom: 250px !important;padding-left: 20% !important;background-color: #29292f !important;background-position: center !important;background-repeat: no-repeat !important;background-size: cover !important;}&#8220; el_class=&#8220;padding-column&#8220;][vc_custom_heading text=&#8220;HiLife Gartenparty&#8220; font_container=&#8220;tag:h2|font_size:50px|text_align:left|color:%23ffffff&#8220; use_theme_fonts=&#8220;yes&#8220; css=&#8220;.vc_custom_1709916931186{margin-bottom: 30px !important;}&#8220;][vc_custom_heading text=&#8220;Feiern Sie wie ein Profi mit unseren hochwertigen Bierzapfanlagen, gem\u00fctlichen Bierzeltgarnituren und ger\u00e4umigen Partyzelten! Egal, ob Sie eine private Feier, ein Firmenevent oder ein gro\u00dfes Fest planen, wir haben alles, was Sie brauchen, um Ihre Veranstaltung unvergesslich zu machen. Vertrauen Sie auf unsere Erfahrung und unser Engagement! Zusammen mit unserem Premiumpartner Markgrafen-Getr\u00e4nke machen wir Ihre Feier zu einem Erfolg. Unser freundliches Team steht Ihnen mit Rat und Tat zur Seite, damit Ihre Veranstaltung reibungslos verl\u00e4uft und Ihre G\u00e4ste begeistert sind.&#8220; font_container=&#8220;tag:p|font_size:18px|text_align:left|color:%23d0d0d0|line_height:32px&#8220; use_theme_fonts=&#8220;yes&#8220; font_caps=&#8220;&#8220; css=&#8220;.vc_custom_1710338329363{margin-bottom: 50px !important;}&#8220;][vc_single_image image=&#8220;20047&#8243; img_size=&#8220;&#8220; onclick=&#8220;custom_link&#8220; img_link_target=&#8220;_blank&#8220; link=&#8220;https:\/\/www.markgrafen.com\/&#8220;][\/vc_column][vc_column width=&#8220;1\/2&#8243; css=&#8220;.vc_custom_1709916471989{background-image: url(https:\/\/wasserspender24.berlin\/gartenparty\/wp-content\/uploads\/2024\/03\/pexels-photo-15852347.jpeg?id=933) !important;background-position: center !important;background-repeat: no-repeat !important;background-size: cover !important;}&#8220;][vc_empty_space height=&#8220;400px&#8220;][\/vc_column][\/vc_row]<\/p>\n<\/div>","protected":false},"excerpt":{"rendered":"<p>[vc_row full_width=&#8220;stretch_row&#8220; css=&#8220;.vc_custom_1643192311367{margin-bottom: 0px !important;padding-top: 80px !important;padding-bottom: 120px !important;background-color: #ffffff !important;background-position: 0 0 !important;background-repeat: no-repeat !important;}&#8220;][vc_column][vc_custom_heading text=&#8220;VERLEIH&#8220; font_container=&#8220;tag:h2|font_size:50px|text_align:center&#8220; use_theme_fonts=&#8220;yes&#8220; css=&#8220;.vc_custom_1643190432587{margin-bottom: 5px !important;}&#8220;][vc_custom_heading text=&#8220;mobile Zapfanlagen \/\/ Bierzeltgarnituren \/\/ Partyzelte&#8220; font_container=&#8220;tag:h4|font_size:26px|text_align:center&#8220; use_theme_fonts=&#8220;yes&#8220; font_caps=&#8220;&#8220; css=&#8220;.vc_custom_1709916339418{margin-bottom: 60px !important;}&#8220; el_class=&#8220;section-subheading&#8220; el_id=&#8220;produkte&#8220;][vc_single_image image=&#8220;939&#8243; img_size=&#8220;full&#8220; alignment=&#8220;center&#8220;][\/vc_column][\/vc_row][vc_row][vc_column width=&#8220;1\/6&#8243;][\/vc_column][vc_column width=&#8220;2\/3&#8243;][vc_column_text] Sie m\u00f6chten, dass Ihre Gartenparty der Hit wird, dann mieten Sie eine Bierzapfanlage mit [&hellip;]<\/p>\n","protected":false},"author":1,"featured_media":0,"parent":0,"menu_order":0,"comment_status":"closed","ping_status":"closed","template":"","meta":{"footnotes":""},"class_list":["post-405","page","type-page","status-publish","hentry"],"_links":{"self":[{"href":"https:\/\/wasserspender24.berlin\/gartenparty\/wp-json\/wp\/v2\/pages\/405","targetHints":{"allow":["GET"]}}],"collection":[{"href":"https:\/\/wasserspender24.berlin\/gartenparty\/wp-json\/wp\/v2\/pages"}],"about":[{"href":"https:\/\/wasserspender24.berlin\/gartenparty\/wp-json\/wp\/v2\/types\/page"}],"author":[{"embeddable":true,"href":"https:\/\/wasserspender24.berlin\/gartenparty\/wp-json\/wp\/v2\/users\/1"}],"replies":[{"embeddable":true,"href":"https:\/\/wasserspender24.berlin\/gartenparty\/wp-json\/wp\/v2\/comments?post=405"}],"version-history":[{"count":1,"href":"https:\/\/wasserspender24.berlin\/gartenparty\/wp-json\/wp\/v2\/pages\/405\/revisions"}],"predecessor-version":[{"id":20118,"href":"https:\/\/wasserspender24.berlin\/gartenparty\/wp-json\/wp\/v2\/pages\/405\/revisions\/20118"}],"wp:attachment":[{"href":"https:\/\/wasserspender24.berlin\/gartenparty\/wp-json\/wp\/v2\/media?parent=405"}],"curies":[{"name":"wp","href":"https:\/\/api.w.org\/{rel}","templated":true}]}}