{"id":104,"date":"2011-04-26T20:10:13","date_gmt":"2011-04-26T18:10:13","guid":{"rendered":"http:\/\/wasserspender24.berlin\/test\/?page_id=104"},"modified":"2011-04-26T20:10:13","modified_gmt":"2011-04-26T18:10:13","slug":"hi-life-gmbh-impressum-wasserspender24-berlin","status":"publish","type":"page","link":"https:\/\/wasserspender24.berlin\/gartenparty\/hi-life-gmbh-impressum-wasserspender24-berlin\/","title":{"rendered":"IMPRESSUM"},"content":{"rendered":"<h3>Impressum<\/h3>\n<p>Postadresse:<br \/>Hi life GmbH<br \/>Am Schlangengraben 9 d<br \/>13597 Berlin<\/p>\n<p>Niederlassungen:<br \/>Hi life GmbH, Auslieferungslager<br \/>Hauptstr. 96-98<br \/>16547 Birkenwerder<\/p>\n<p>E-Mail: info(at)wasserspender24.berlin<br \/>Internet: wasserspender24.berlin | watercooler.berlin | hi-life.berlin<\/p>\n<p>Telefon B\u00fcro: 030 30 36 42 21<br \/>Telefon Lager: 030 22 49 49 86<\/p>\n<p>Gesch\u00e4ftsf\u00fchrer: Timo Blazyczek, Philipp Thurau<br \/>Eingetragen beim Amtsgericht Charlottenburg<br \/>Inhaltlich verantwortlich gem\u00e4\u00df \u00a755 Absatz 2 RStV: Timo Blazyczek<\/p>\n<p>Handelsregister: HRB 132453 B<br \/>USt-ID.: DE 275 686 322<\/p>\n<p>Inhaltlich Verantwortlich: Hi life GmbH, Am Schlangengraben 9d, 13597 Berlin<\/p>\n","protected":false},"excerpt":{"rendered":"<p>Impressum Postadresse:Hi life GmbHAm Schlangengraben 9 d13597 Berlin Niederlassungen:Hi life GmbH, AuslieferungslagerHauptstr. 96-9816547 Birkenwerder E-Mail: info(at)wasserspender24.berlinInternet: wasserspender24.berlin | watercooler.berlin | hi-life.berlin Telefon B\u00fcro: 030 30 36 42 21Telefon Lager: 030 22 49 49 86 Gesch\u00e4ftsf\u00fchrer: Timo Blazyczek, Philipp ThurauEingetragen beim Amtsgericht CharlottenburgInhaltlich verantwortlich gem\u00e4\u00df \u00a755 Absatz 2 RStV: Timo Blazyczek Handelsregister: HRB 132453 BUSt-ID.: DE [&hellip;]<\/p>\n","protected":false},"author":1,"featured_media":0,"parent":0,"menu_order":0,"comment_status":"closed","ping_status":"closed","template":"","meta":{"footnotes":""},"class_list":["post-104","page","type-page","status-publish","hentry"],"_links":{"self":[{"href":"https:\/\/wasserspender24.berlin\/gartenparty\/wp-json\/wp\/v2\/pages\/104","targetHints":{"allow":["GET"]}}],"collection":[{"href":"https:\/\/wasserspender24.berlin\/gartenparty\/wp-json\/wp\/v2\/pages"}],"about":[{"href":"https:\/\/wasserspender24.berlin\/gartenparty\/wp-json\/wp\/v2\/types\/page"}],"author":[{"embeddable":true,"href":"https:\/\/wasserspender24.berlin\/gartenparty\/wp-json\/wp\/v2\/users\/1"}],"replies":[{"embeddable":true,"href":"https:\/\/wasserspender24.berlin\/gartenparty\/wp-json\/wp\/v2\/comments?post=104"}],"version-history":[{"count":0,"href":"https:\/\/wasserspender24.berlin\/gartenparty\/wp-json\/wp\/v2\/pages\/104\/revisions"}],"wp:attachment":[{"href":"https:\/\/wasserspender24.berlin\/gartenparty\/wp-json\/wp\/v2\/media?parent=104"}],"curies":[{"name":"wp","href":"https:\/\/api.w.org\/{rel}","templated":true}]}}